{"id":25,"date":"2024-08-11T20:29:53","date_gmt":"2024-08-11T18:29:53","guid":{"rendered":"https:\/\/foerderverein-friedrichstadt.de\/?page_id=25"},"modified":"2024-12-06T13:59:00","modified_gmt":"2024-12-06T12:59:00","slug":"aktuelle-projekte","status":"publish","type":"page","link":"https:\/\/foerderverein-friedrichstadt.de\/?page_id=25","title":{"rendered":"Aktuelle Projekte"},"content":{"rendered":"<div class=\"wp-block-image\">\n<figure class=\"alignright size-large is-resized\"><img loading=\"lazy\" decoding=\"async\" width=\"1024\" height=\"684\" src=\"https:\/\/foerderverein-friedrichstadt.de\/wp-content\/uploads\/2024\/08\/pexels-pavel-danilyuk-6340707-1024x684.jpg\" alt=\"\" class=\"wp-image-27\" style=\"width:425px;height:auto\" srcset=\"https:\/\/foerderverein-friedrichstadt.de\/wp-content\/uploads\/2024\/08\/pexels-pavel-danilyuk-6340707-1024x684.jpg 1024w, https:\/\/foerderverein-friedrichstadt.de\/wp-content\/uploads\/2024\/08\/pexels-pavel-danilyuk-6340707-300x200.jpg 300w, https:\/\/foerderverein-friedrichstadt.de\/wp-content\/uploads\/2024\/08\/pexels-pavel-danilyuk-6340707-768x513.jpg 768w, https:\/\/foerderverein-friedrichstadt.de\/wp-content\/uploads\/2024\/08\/pexels-pavel-danilyuk-6340707-1536x1025.jpg 1536w, https:\/\/foerderverein-friedrichstadt.de\/wp-content\/uploads\/2024\/08\/pexels-pavel-danilyuk-6340707-2048x1367.jpg 2048w\" sizes=\"auto, (max-width: 1024px) 100vw, 1024px\" \/><\/figure>\n<\/div>\n\n\n<p>Im <strong>Schuljahr 2024-25<\/strong> suchen wir aktiv nach Partnern, um den <strong>Schulhof<\/strong> der Gemeinschaftsschule Friedrichstadt attraktiv umzugestalten.<\/p>\n\n\n\n<p>Mit den Sch\u00fclerinnen und Sch\u00fclern, Vertretern  in der Stadt und der Schulsozialarbeit rufen wir zu einem <strong>Ideenwettbewerb<\/strong> auf, an dem sich alle Klassen beteiligen k\u00f6nnen.<\/p>\n\n\n\n<p>Herzlich laden wir hierzu auch die Eltern und ihre Vertretungen ein an dem Projekt mitzuwirken. Denn es gibt viel zu tun! Wir sind \u00fcber jeden Impuls dankbar. Daher werben wir um tatkr\u00e4ftige Unterst\u00fcrzung!<\/p>\n\n\n\n<p class=\"has-text-align-center has-medium-font-size\"><em><strong>&#8222;Gemeinsam f\u00fcr eine starke Schule!&#8220;     <\/strong><\/em><\/p>\n\n\n\n<p class=\"has-large-font-size\">Das LIONS &#8211; Stipendienprogramm an der <br>GmS Friedrichstadt<\/p>\n\n\n\n<p>Seit vielen Jahren kooperiert unsere Schule mit dem <strong>LIONS Club in Wittenberg<\/strong>. F\u00fcr f\u00fcnf Monate erhalten die Stipendiatinnen und Stipendiaten jeweils  <strong>30\u20ac<\/strong> monatlich zur freien Verf\u00fcgung, eine Urkunde und die \u00f6ffentliche Anerkennung f\u00fcr ihre Leistungen und  Engagement.<\/p>\n\n\n\n<p>Die Sch\u00fclerinnen und Sch\u00fcler werden auf Vorschlag der Klassenleiter ermittelt. Nicht nur gute schulische Leistungen sind entscheidend, sondern auch der Einsatz die Gemeinschaft und die \u00dcbernahme von Verantwortung.<\/p>\n\n\n\n<p> Die Stipendiaten sollten folgende Kriterien erf\u00fcllen:<\/p>\n\n\n\n<ul class=\"wp-block-list\">\n<li>gute und sehr gute schulische Leistungen oder deutliche Leistungsverbesserungen bei ggf. schwierigen Lernvoraussetzungen und\/oder besonderen gesundheitlichen Beeintr\u00e4chtigungen<\/li>\n\n\n\n<li>Engagement f\u00fcr Mitsch\u00fclerinnen\/Mitsch\u00fcler und\/oder bei Teamarbeiten: das soziale Miteinander steht im Vordergrund (Motto der Lions: &#8222;we serve&#8220;)<\/li>\n\n\n\n<li>deutliches soziales Engagement im Klassenverband und\/oder in der Schulgemeinschaft oder bei entsprechenden Projekten, \u00f6ffentlichen Auff\u00fchrungen oder im Teamsport bzw. in Sch\u00fclerfirmen, die \u00fcber die Schule hinaus aktiv sind<\/li>\n<\/ul>\n\n\n\n<p>Derzeit l\u00e4uft das Auswahlverfahren f\u00fcr der 1. Schulhalbjahr 2024\/25.  <\/p>\n","protected":false},"excerpt":{"rendered":"<p>Im Schuljahr 2024-25 suchen wir aktiv nach Partnern, um den Schulhof der Gemeinschaftsschule Friedrichstadt attraktiv umzugestalten. Mit den Sch\u00fclerinnen und Sch\u00fclern, Vertretern in der Stadt und der Schulsozialarbeit rufen wir zu einem Ideenwettbewerb auf, an dem sich alle Klassen beteiligen k\u00f6nnen. Herzlich laden wir hierzu auch die Eltern und ihre Vertretungen ein an dem Projekt &#8230; <a title=\"Aktuelle Projekte\" class=\"read-more\" href=\"https:\/\/foerderverein-friedrichstadt.de\/?page_id=25\" aria-label=\"Mehr Informationen \u00fcber Aktuelle Projekte\">Weiterlesen<\/a><\/p>\n","protected":false},"author":1,"featured_media":0,"parent":0,"menu_order":0,"comment_status":"closed","ping_status":"closed","template":"","meta":{"footnotes":""},"class_list":["post-25","page","type-page","status-publish"],"_links":{"self":[{"href":"https:\/\/foerderverein-friedrichstadt.de\/index.php?rest_route=\/wp\/v2\/pages\/25","targetHints":{"allow":["GET"]}}],"collection":[{"href":"https:\/\/foerderverein-friedrichstadt.de\/index.php?rest_route=\/wp\/v2\/pages"}],"about":[{"href":"https:\/\/foerderverein-friedrichstadt.de\/index.php?rest_route=\/wp\/v2\/types\/page"}],"author":[{"embeddable":true,"href":"https:\/\/foerderverein-friedrichstadt.de\/index.php?rest_route=\/wp\/v2\/users\/1"}],"replies":[{"embeddable":true,"href":"https:\/\/foerderverein-friedrichstadt.de\/index.php?rest_route=%2Fwp%2Fv2%2Fcomments&post=25"}],"version-history":[{"count":6,"href":"https:\/\/foerderverein-friedrichstadt.de\/index.php?rest_route=\/wp\/v2\/pages\/25\/revisions"}],"predecessor-version":[{"id":66,"href":"https:\/\/foerderverein-friedrichstadt.de\/index.php?rest_route=\/wp\/v2\/pages\/25\/revisions\/66"}],"wp:attachment":[{"href":"https:\/\/foerderverein-friedrichstadt.de\/index.php?rest_route=%2Fwp%2Fv2%2Fmedia&parent=25"}],"curies":[{"name":"wp","href":"https:\/\/api.w.org\/{rel}","templated":true}]}}